{"id":4408,"date":"2019-12-12T15:52:27","date_gmt":"2019-12-12T12:52:27","guid":{"rendered":"http:\/\/pudinghotel.com\/antalya-kaleici\/"},"modified":"2022-10-10T11:02:53","modified_gmt":"2022-10-10T08:02:53","slug":"antalya-oldtown","status":"publish","type":"page","link":"https:\/\/pudinghotel.com\/en\/about-us\/antalya-oldtown\/","title":{"rendered":"Antalya \/ Oldtown"},"content":{"rendered":"<div class=\"wpb-content-wrapper\"><p>[vc_row css=&#8221;.vc_custom_1578919973649{padding-top: 3em !important;padding-bottom: 3em !important;}&#8221;][vc_column][vc_row_inner css=&#8221;.vc_custom_1662989337776{background-image: url(http:\/\/pudinghotel.com\/wp-content\/uploads\/2022\/09\/hotel-kaleici-oldtown-antalya.png?id=4180) !important;background-position: center !important;background-repeat: no-repeat !important;background-size: contain !important;}&#8221;][vc_column_inner width=&#8221;1\/6&#8243;][\/vc_column_inner][vc_column_inner width=&#8221;2\/3&#8243; css=&#8221;.vc_custom_1578919983614{padding-top: 3em !important;padding-bottom: 3em !important;}&#8221;]\n\t<div class=\"title-subtitle-box  \" style=\" text-align: center;\">\n\t\t<h1 style=\" font-weight: normal;\" class=\"special-title\" >\n\t\t<span class=\"toptitle\" style=\"\">History, Nature, Entertainment and Culture<\/span>The Unique Beauty Of History<\/h1>\n\t\t<span class=\"subtitle\" style=\"\">Are you ready for an adventure in Antalya Kalei\u00e7i? You can explore historic ruins fortifications and structures , examine unique historical pieces. \u0130n museums have a pleasant time in many bars, pubs and cafes from rock music to Turkish pop in the heart of entertainment, share the beauty of the marina, visit places of worship and mosques from the Ottomant Empire briefly in short you can embark on your own Kalei\u00e7i adventure\u2026<\/span>\n\t<\/div> [\/vc_column_inner][vc_column_inner width=&#8221;1\/6&#8243;][\/vc_column_inner][\/vc_row_inner][\/vc_column][\/vc_row][vc_row disable_element=&#8221;yes&#8221; css=&#8221;.vc_custom_1662728729865{margin-bottom: 0px !important;}&#8221;][vc_column css=&#8221;.vc_custom_1580216270703{padding-right: 0px !important;padding-left: 0px !important;}&#8221;][vc_tta_tabs style=&#8221;flat&#8221; shape=&#8221;square&#8221; color=&#8221;black&#8221; spacing=&#8221;&#8221; alignment=&#8221;center&#8221; active_section=&#8221;1&#8243; no_fill_content_area=&#8221;true&#8221; css=&#8221;.vc_custom_1578502068648{margin-bottom: 0px !important;}&#8221;][vc_tta_section title=&#8221;In the south&#8221; tab_id=&#8221;1578494299762-e285becd-6878&#8243;][vc_row_inner equal_height=&#8221;yes&#8221;][vc_column_inner width=&#8221;1\/2&#8243; css=&#8221;.vc_custom_1581952221920{padding-top: 15% !important;padding-right: 15% !important;padding-bottom: 15% !important;padding-left: 15% !important;background-image: url(http:\/\/okthemes.com\/lucia-vineyards-demo\/wp-content\/uploads\/2020\/02\/demo-pic-tall-1000&#215;900-2.jpg?id=3814) !important;background-position: center !important;background-repeat: no-repeat !important;background-size: cover !important;}&#8221;]\n\t<div class=\"title-subtitle-box  vc_custom_1578652973795\" style=\" text-align: left;\">\n\t\t<h1 style=\" font-weight: normal;\" class=\"special-title\" >\n\t\t<span class=\"toptitle\" style=\"\">38\u00b0 25' 00.87``<\/span>South Lucia Vineyard<\/h1>\n\t\t<span class=\"subtitle\" style=\" color:#ffffff; \">This vineyard is one of the first that we sourced Pinot Noir from in the 1990s and two decades later it remains one of our best.<\/span>\n\t<\/div> [\/vc_column_inner][vc_column_inner width=&#8221;1\/2&#8243; css=&#8221;.vc_custom_1578494411237{padding-top: 20% !important;padding-right: 15% !important;padding-bottom: 20% !important;padding-left: 15% !important;background-color: #2c2c2c !important;}&#8221;]\n\t<div class=\"gg-infobox  text-align-left \" >\n\t\t<div class=\"infobox-title\" >Soil<\/div>\n\t\t<span class=\"gg-horizontal-line\" ><\/span>\n\t\t<div class=\"infobox-description\" ><p>With more than 25 soil types, from clay loam to limestone, to sands and gravel, the region offers tremendous diversity and contrast for different wine styles.<\/p>\n<\/div>\n\t<\/div> \n\t<div class=\"gg-infobox  text-align-left \" >\n\t\t<div class=\"infobox-title\" >Climate<\/div>\n\t\t<span class=\"gg-horizontal-line\" ><\/span>\n\t\t<div class=\"infobox-description\" ><p>Early morning fog and warm to hot afternoons<\/p>\n<\/div>\n\t<\/div> \n\t<div class=\"gg-infobox  text-align-left vc_custom_1578397339825\" >\n\t\t<div class=\"infobox-title\" >Varietals<\/div>\n\t\t<span class=\"gg-horizontal-line\" ><\/span>\n\t\t<div class=\"infobox-description\" ><p>Chardonnay, Pinot Gris, Merlot, Pinot Noir<\/p>\n<\/div>\n\t<\/div> [\/vc_column_inner][\/vc_row_inner][\/vc_tta_section][vc_tta_section title=&#8221;In the north&#8221; tab_id=&#8221;1578494299786-fe75fecb-9399&#8243;][vc_row_inner equal_height=&#8221;yes&#8221;][vc_column_inner width=&#8221;1\/2&#8243; css=&#8221;.vc_custom_1581952027433{padding-top: 15% !important;padding-right: 15% !important;padding-bottom: 15% !important;padding-left: 15% !important;background-image: url(http:\/\/okthemes.com\/lucia-vineyards-demo\/wp-content\/uploads\/2020\/02\/demo-pic-tall-1000&#215;900-1.jpg?id=3810) !important;}&#8221;]\n\t<div class=\"title-subtitle-box  vc_custom_1578652902416\" style=\" text-align: left;\">\n\t\t<h1 style=\" font-weight: normal;\" class=\"special-title\" >\n\t\t<span class=\"toptitle\" style=\"\">38\u00b0 28' 37.53``<\/span>North Lucia Vineyard<\/h1>\n\t\t<span class=\"subtitle\" style=\" color:#ffffff; \">The Neo Lucia Vineyard stands alone and apart as the southernmost vineyard in the region, and it is a new modern vineyard<\/span>\n\t<\/div> [\/vc_column_inner][vc_column_inner width=&#8221;1\/2&#8243; css=&#8221;.vc_custom_1578496072540{padding-top: 20% !important;padding-right: 15% !important;padding-bottom: 20% !important;padding-left: 15% !important;background-color: #2c2c2c !important;}&#8221;]\n\t<div class=\"gg-infobox  text-align-left \" >\n\t\t<div class=\"infobox-title\" >Soil<\/div>\n\t\t<span class=\"gg-horizontal-line\" ><\/span>\n\t\t<div class=\"infobox-description\" ><p>Sandy loam and clay loam<\/p>\n<\/div>\n\t<\/div> \n\t<div class=\"gg-infobox  text-align-left \" >\n\t\t<div class=\"infobox-title\" >Climate<\/div>\n\t\t<span class=\"gg-horizontal-line\" ><\/span>\n\t\t<div class=\"infobox-description\" ><p> Cool nights with some fog and warm to hot afternoons<\/p>\n<\/div>\n\t<\/div> \n\t<div class=\"gg-infobox  text-align-left vc_custom_1578652623880\" >\n\t\t<div class=\"infobox-title\" >Varietals<\/div>\n\t\t<span class=\"gg-horizontal-line\" ><\/span>\n\t\t<div class=\"infobox-description\" ><p>Grenache, Syrah, Viognier, Roussanne<\/p>\n<\/div>\n\t<\/div> [\/vc_column_inner][\/vc_row_inner][\/vc_tta_section][\/vc_tta_tabs][vc_row_inner css=&#8221;.vc_custom_1578504762489{padding-top: 30px !important;padding-bottom: 8% !important;}&#8221;][vc_column_inner width=&#8221;1\/3&#8243;]\n\t<div class=\"counter-wrapper  vc_custom_1580308970511 text-align-center vc_custom_1580308970511\">\n\t\t\t<div class=\"vc_cta3-icons\"><div class=\"vc_icon_element vc_icon_element-outer vc_icon_element-align-left\"><div class=\"vc_icon_element-inner vc_icon_element-color-custom vc_icon_element-size-lg vc_icon_element-style- vc_icon_element-background-color-grey\" ><span class=\"vc_icon_element-icon typcn typcn-weather-sunny\" style=\"color:#cee538 !important\"><\/span><\/div><\/div><\/div>\n\t\t\t<div class=\"counter-content\">\n\t\t\t<div class=\"counter-number\">\n\t\t\t\t<span style=\" font-size:90px;\" class=\"counter\" data-number=\"2281\" data-interval=\"100\" data-speed=\"1500\">2281<\/span>\n\t\t\t\t<span class=\"number-suffix\" style= line-height:90px;>hrs<\/span>\n\t\t\t\t<\/div>\n\t\t\t\t<span class=\"counter-title\" >SUNSHINE HOURS<\/span>\n\t\t\t<\/div>\n\t<\/div> [\/vc_column_inner][vc_column_inner width=&#8221;1\/3&#8243;]\n\t<div class=\"counter-wrapper  vc_custom_1580308985440 text-align-center vc_custom_1580308985440\">\n\t\t\t<div class=\"vc_cta3-icons\"><div class=\"vc_icon_element vc_icon_element-outer vc_icon_element-align-left\"><div class=\"vc_icon_element-inner vc_icon_element-color-custom vc_icon_element-size-lg vc_icon_element-style- vc_icon_element-background-color-grey\" ><span class=\"vc_icon_element-icon typcn typcn-weather-downpour\" style=\"color:#cee538 !important\"><\/span><\/div><\/div><\/div>\n\t\t\t<div class=\"counter-content\">\n\t\t\t<div class=\"counter-number\">\n\t\t\t\t<span style=\" font-size:90px;\" class=\"counter\" data-number=\"823\" data-interval=\"100\" data-speed=\"1500\">823<\/span>\n\t\t\t\t<span class=\"number-suffix\" style= line-height:90px;>mm<\/span>\n\t\t\t\t<\/div>\n\t\t\t\t<span class=\"counter-title\" >RAINFALL<\/span>\n\t\t\t<\/div>\n\t<\/div> [\/vc_column_inner][vc_column_inner width=&#8221;1\/3&#8243;]\n\t<div class=\"counter-wrapper  vc_custom_1580308994160 text-align-center vc_custom_1580308994160\">\n\t\t\t<div class=\"vc_cta3-icons\"><div class=\"vc_icon_element vc_icon_element-outer vc_icon_element-align-left\"><div class=\"vc_icon_element-inner vc_icon_element-color-custom vc_icon_element-size-lg vc_icon_element-style- vc_icon_element-background-color-grey\" ><span class=\"vc_icon_element-icon typcn typcn-thermometer\" style=\"color:#cee538 !important\"><\/span><\/div><\/div><\/div>\n\t\t\t<div class=\"counter-content\">\n\t\t\t<div class=\"counter-number\">\n\t\t\t\t<span style=\" font-size:90px;\" class=\"counter\" data-number=\"14\" data-interval=\"100\" data-speed=\"1500\">14<\/span>\n\t\t\t\t<span class=\"number-suffix\" style= line-height:90px;>\u00b0C<\/span>\n\t\t\t\t<\/div>\n\t\t\t\t<span class=\"counter-title\" >AVERAGE TEMPERATURE<\/span>\n\t\t\t<\/div>\n\t<\/div> [\/vc_column_inner][\/vc_row_inner][\/vc_column][\/vc_row][vc_row][vc_column width=&#8221;1\/4&#8243;][vc_single_image image=&#8221;4093&#8243; img_size=&#8221;full&#8221; alignment=&#8221;center&#8221;][vc_column_text]<\/p>\n<h4 style=\"text-align: center;\">H\u0131d\u0131rl\u0131k Tower<\/h4>\n<p>[\/vc_column_text][\/vc_column][vc_column width=&#8221;1\/4&#8243;][vc_single_image image=&#8221;4088&#8243; img_size=&#8221;full&#8221; alignment=&#8221;center&#8221;][vc_column_text]<\/p>\n<h4 style=\"text-align: center;\">Oldtown Marine<\/h4>\n<p>[\/vc_column_text][\/vc_column][vc_column width=&#8221;1\/4&#8243;][vc_single_image image=&#8221;4094&#8243; img_size=&#8221;full&#8221; alignment=&#8221;center&#8221;][vc_column_text]<\/p>\n<h4 style=\"text-align: center;\">Mermerli Beach<\/h4>\n<p>[\/vc_column_text][\/vc_column][vc_column width=&#8221;1\/4&#8243;][vc_single_image image=&#8221;4092&#8243; img_size=&#8221;full&#8221; alignment=&#8221;center&#8221;][vc_column_text]<\/p>\n<h4 style=\"text-align: center;\">Mevlevihane Museum<\/h4>\n<p>[\/vc_column_text][\/vc_column][\/vc_row][vc_row][vc_column width=&#8221;1\/4&#8243;][vc_single_image image=&#8221;4090&#8243; img_size=&#8221;full&#8221; alignment=&#8221;center&#8221;][vc_column_text]<\/p>\n<h4 style=\"text-align: center;\">Suna &amp; \u0130nan K\u0131ra\u00e7 Oldtown Museum<\/h4>\n<p>[\/vc_column_text][\/vc_column][vc_column width=&#8221;1\/4&#8243;][vc_single_image image=&#8221;4097&#8243; img_size=&#8221;full&#8221; alignment=&#8221;center&#8221;][vc_column_text]<\/p>\n<h4 style=\"text-align: center;\">\u015eehzade Korkut Mosque<\/h4>\n<p>[\/vc_column_text][\/vc_column][vc_column width=&#8221;1\/4&#8243;][vc_single_image image=&#8221;4087&#8243; img_size=&#8221;full&#8221; alignment=&#8221;center&#8221;][vc_column_text]<\/p>\n<h4 style=\"text-align: center;\">Yivli Minaret<\/h4>\n<p>[\/vc_column_text][\/vc_column][vc_column width=&#8221;1\/4&#8243;][vc_single_image image=&#8221;4098&#8243; img_size=&#8221;full&#8221; alignment=&#8221;center&#8221;][vc_column_text]<\/p>\n<h4 style=\"text-align: center;\">Clock Tower<\/h4>\n<p>[\/vc_column_text][\/vc_column][\/vc_row][vc_row][vc_column width=&#8221;1\/4&#8243;][vc_single_image image=&#8221;4106&#8243; img_size=&#8221;full&#8221; alignment=&#8221;center&#8221;][vc_column_text]<\/p>\n<h4 style=\"text-align: center;\">Oldtown Pubs<\/h4>\n<p>[\/vc_column_text][\/vc_column][vc_column width=&#8221;1\/4&#8243;][vc_single_image image=&#8221;4107&#8243; img_size=&#8221;full&#8221; alignment=&#8221;center&#8221;][vc_column_text]<\/p>\n<h4 style=\"text-align: center;\">Karaalio\u011flu Park<\/h4>\n<p>[\/vc_column_text][\/vc_column][vc_column width=&#8221;1\/4&#8243;][vc_single_image image=&#8221;4108&#8243; img_size=&#8221;full&#8221; alignment=&#8221;center&#8221;][vc_column_text]<\/p>\n<h4 style=\"text-align: center;\">Yatch Tours<\/h4>\n<p>[\/vc_column_text][\/vc_column][vc_column width=&#8221;1\/4&#8243;][vc_single_image image=&#8221;4109&#8243; img_size=&#8221;full&#8221; alignment=&#8221;center&#8221;][vc_column_text]<\/p>\n<h4 style=\"text-align: center;\">Nemo Primo Submarine Tour<\/h4>\n<p>[\/vc_column_text][\/vc_column][\/vc_row][vc_row][vc_column width=&#8221;1\/6&#8243;][\/vc_column][vc_column width=&#8221;2\/3&#8243;][vc_row_inner][vc_column_inner width=&#8221;1\/4&#8243;][vc_single_image image=&#8221;4089&#8243; img_size=&#8221;full&#8221; alignment=&#8221;center&#8221;][vc_column_text]<\/p>\n<h4 style=\"text-align: center;\">Marine Biology Museum<\/h4>\n<p>[\/vc_column_text][\/vc_column_inner][vc_column_inner width=&#8221;1\/4&#8243;][vc_single_image image=&#8221;4091&#8243; img_size=&#8221;full&#8221; alignment=&#8221;center&#8221;][vc_column_text]<\/p>\n<h4 style=\"text-align: center;\">Ethnography Museum<\/h4>\n<p>[\/vc_column_text][\/vc_column_inner][vc_column_inner width=&#8221;1\/4&#8243;][vc_single_image image=&#8221;4095&#8243; img_size=&#8221;full&#8221; alignment=&#8221;center&#8221;][vc_column_text]<\/p>\n<h4 style=\"text-align: center;\">Toy Museum<\/h4>\n<p>[\/vc_column_text][\/vc_column_inner][vc_column_inner width=&#8221;1\/4&#8243;][vc_single_image image=&#8221;4096&#8243; img_size=&#8221;full&#8221; alignment=&#8221;center&#8221;][vc_column_text]<\/p>\n<h4 style=\"text-align: center;\">Hadrianus Gate<\/h4>\n<p>[\/vc_column_text][\/vc_column_inner][\/vc_row_inner][\/vc_column][vc_column width=&#8221;1\/6&#8243;][\/vc_column][\/vc_row][vc_row][vc_column width=&#8221;1\/4&#8243;][\/vc_column][vc_column width=&#8221;1\/4&#8243;][\/vc_column][vc_column width=&#8221;1\/4&#8243;][\/vc_column][vc_column width=&#8221;1\/4&#8243;][\/vc_column][\/vc_row]<\/p>\n<\/div>","protected":false},"excerpt":{"rendered":"<p>[vc_row css=&#8221;.vc_custom_1578919973649{padding-top: 3em !important;padding-bottom: 3em !important;}&#8221;][vc_column][vc_row_inner css=&#8221;.vc_custom_1662989337776{background-image: url(http:\/\/pudinghotel.com\/wp-content\/uploads\/2022\/09\/hotel-kaleici-oldtown-antalya.png?id=4180) !important;background-position: center !important;background-repeat: no-repeat !important;background-size: contain !important;}&#8221;][vc_column_inner width=&#8221;1\/6&#8243;][\/vc_column_inner][vc_column_inner width=&#8221;2\/3&#8243; css=&#8221;.vc_custom_1578919983614{padding-top: 3em !important;padding-bottom: 3em !important;}&#8221;][\/vc_column_inner][vc_column_inner width=&#8221;1\/6&#8243;][\/vc_column_inner][\/vc_row_inner][\/vc_column][\/vc_row][vc_row disable_element=&#8221;yes&#8221; css=&#8221;.vc_custom_1662728729865{margin-bottom: 0px !important;}&#8221;][vc_column css=&#8221;.vc_custom_1580216270703{padding-right: 0px !important;padding-left: 0px !important;}&#8221;][vc_tta_tabs style=&#8221;flat&#8221; shape=&#8221;square&#8221; color=&#8221;black&#8221; spacing=&#8221;&#8221; alignment=&#8221;center&#8221; active_section=&#8221;1&#8243; no_fill_content_area=&#8221;true&#8221; css=&#8221;.vc_custom_1578502068648{margin-bottom: 0px !important;}&#8221;][vc_tta_section title=&#8221;In the south&#8221; tab_id=&#8221;1578494299762-e285becd-6878&#8243;][vc_row_inner equal_height=&#8221;yes&#8221;][vc_column_inner width=&#8221;1\/2&#8243; css=&#8221;.vc_custom_1581952221920{padding-top: 15% !important;padding-right: 15% !important;padding-bottom: 15% !important;padding-left:<\/p>\n<p class=\"more-link-wrapper\"><a class=\"btn btn-primary\" href=\"https:\/\/pudinghotel.com\/en\/about-us\/antalya-oldtown\/\">Read More<\/a><\/p>\n","protected":false},"author":1,"featured_media":0,"parent":4668,"menu_order":0,"comment_status":"closed","ping_status":"closed","template":"","meta":{"_acf_changed":false,"footnotes":""},"class_list":["post-4408","page","type-page","status-publish","hentry"],"acf":[],"aioseo_notices":[],"_links":{"self":[{"href":"https:\/\/pudinghotel.com\/en\/wp-json\/wp\/v2\/pages\/4408","targetHints":{"allow":["GET"]}}],"collection":[{"href":"https:\/\/pudinghotel.com\/en\/wp-json\/wp\/v2\/pages"}],"about":[{"href":"https:\/\/pudinghotel.com\/en\/wp-json\/wp\/v2\/types\/page"}],"author":[{"embeddable":true,"href":"https:\/\/pudinghotel.com\/en\/wp-json\/wp\/v2\/users\/1"}],"replies":[{"embeddable":true,"href":"https:\/\/pudinghotel.com\/en\/wp-json\/wp\/v2\/comments?post=4408"}],"version-history":[{"count":0,"href":"https:\/\/pudinghotel.com\/en\/wp-json\/wp\/v2\/pages\/4408\/revisions"}],"up":[{"embeddable":true,"href":"https:\/\/pudinghotel.com\/en\/wp-json\/wp\/v2\/pages\/4668"}],"wp:attachment":[{"href":"https:\/\/pudinghotel.com\/en\/wp-json\/wp\/v2\/media?parent=4408"}],"curies":[{"name":"wp","href":"https:\/\/api.w.org\/{rel}","templated":true}]}}